{"id":27,"date":"2024-05-11T11:14:46","date_gmt":"2024-05-11T09:14:46","guid":{"rendered":"https:\/\/www.stute-schmidt.de\/?page_id=27"},"modified":"2025-03-06T07:28:04","modified_gmt":"2025-03-06T06:28:04","slug":"karriere","status":"publish","type":"page","link":"https:\/\/www.stute-schmidt.de\/index.php\/karriere\/","title":{"rendered":"Karriere"},"content":{"rendered":"\n<p><\/p>\n\n\n\n<p><\/p>\n\n\n\n<p class=\"has-text-align-center\">Als spezialisiertes Unternehmen im Ver- und Entsorgungsbereich suchen wir Verst\u00e4rkung f\u00fcr verschiedene Aufgaben. <br>Wir sind \u00fcberwiegend regional, teilweise bundesweit T\u00e4tig. Das hei\u00dft f\u00fcr Dich: Keine Auslandseins\u00e4tze und (meistens) zum Feierabend bei der Familie.<\/p>\n\n\n\n<div class=\"wp-block-group alignfull has-global-padding is-layout-constrained wp-container-core-group-is-layout-490fa1db wp-block-group-is-layout-constrained\" style=\"padding-top:var(--wp--preset--spacing--50);padding-right:var(--wp--preset--spacing--50);padding-bottom:var(--wp--preset--spacing--50);padding-left:var(--wp--preset--spacing--50)\">\n<div class=\"wp-block-group is-vertical is-layout-flex wp-container-core-group-is-layout-fe9cc265 wp-block-group-is-layout-flex\"><\/div>\n\n\n\n<div class=\"wp-block-group has-global-padding is-layout-constrained wp-container-core-group-is-layout-650790e1 wp-block-group-is-layout-constrained\">\n<h1 class=\"wp-block-heading has-text-align-center has-x-large-font-size\">Elektroniker Betriebstechnik (m\/w\/d)<\/h1>\n\n\n\n<div style=\"height:1.25rem\" aria-hidden=\"true\" class=\"wp-block-spacer\"><\/div>\n\n\n\n<h4 class=\"wp-block-heading\">Deine Aufgaben<\/h4>\n\n\n\n<p>Als Teil eines engagierten Teams \u00fcbernimmst du den Bau von Schaltanlagen, die Installation Vor-Ort und die Unterst\u00fctzung bei Inbetriebnahmen. Es erwartet Dich ein vielseitiges und abwechslungsreiches Aufgabengebiet im Bereich Betriebs- bzw. Prozesstechnik.&nbsp;<\/p>\n\n\n\n<div style=\"height:1.25rem\" aria-hidden=\"true\" class=\"wp-block-spacer\"><\/div>\n<\/div>\n\n\n\n<div style=\"height:var(--wp--preset--spacing--30)\" aria-hidden=\"true\" class=\"wp-block-spacer\"><\/div>\n\n\n\n<figure class=\"wp-block-image alignwide size-full is-style-rounded is-style-rounded--1\"><img loading=\"lazy\" decoding=\"async\" width=\"5184\" height=\"3330\" src=\"https:\/\/www.stute-schmidt.de\/wp-content\/uploads\/2024\/05\/SA_Elektroniker.png\" alt=\"\" class=\"wp-image-53\" srcset=\"https:\/\/www.stute-schmidt.de\/wp-content\/uploads\/2024\/05\/SA_Elektroniker.png 5184w, https:\/\/www.stute-schmidt.de\/wp-content\/uploads\/2024\/05\/SA_Elektroniker-300x193.png 300w, https:\/\/www.stute-schmidt.de\/wp-content\/uploads\/2024\/05\/SA_Elektroniker-1024x658.png 1024w, https:\/\/www.stute-schmidt.de\/wp-content\/uploads\/2024\/05\/SA_Elektroniker-768x493.png 768w, https:\/\/www.stute-schmidt.de\/wp-content\/uploads\/2024\/05\/SA_Elektroniker-1536x987.png 1536w, https:\/\/www.stute-schmidt.de\/wp-content\/uploads\/2024\/05\/SA_Elektroniker-2048x1316.png 2048w\" sizes=\"auto, (max-width: 5184px) 100vw, 5184px\" \/><\/figure>\n<\/div>\n\n\n\n<div class=\"wp-block-group alignfull has-global-padding is-layout-constrained wp-container-core-group-is-layout-d89aad35 wp-block-group-is-layout-constrained\" style=\"margin-top:0;margin-bottom:0;padding-top:var(--wp--preset--spacing--50);padding-right:var(--wp--preset--spacing--50);padding-bottom:var(--wp--preset--spacing--50);padding-left:var(--wp--preset--spacing--50)\">\n<div class=\"wp-block-group alignwide has-global-padding is-layout-constrained wp-container-core-group-is-layout-19e250f3 wp-block-group-is-layout-constrained\">\n<div class=\"wp-block-group is-vertical is-content-justification-center is-layout-flex wp-container-core-group-is-layout-6329a8f3 wp-block-group-is-layout-flex\">\n<h2 class=\"wp-block-heading has-text-align-center is-style-asterisk has-x-large-font-size\">Konstrukteur \/ Technischer Zeichner (m\/w\/d)<\/h2>\n\n\n\n<p class=\"has-text-align-center\">Du erstellst \u00fcberwiegend Projektdokumentationen mit ePlan.  Deine Aufgabe ist die eigenst\u00e4ndige Planung und Konstruktion von Niederspannungsverteilungen sowie Schalt- und Steuerungssystemen<\/p>\n<\/div>\n\n\n\n<div style=\"height:var(--wp--preset--spacing--40)\" aria-hidden=\"true\" class=\"wp-block-spacer\"><\/div>\n\n\n\n<div class=\"wp-block-columns alignwide is-layout-flex wp-container-core-columns-is-layout-d1c656ed wp-block-columns-is-layout-flex\">\n<div class=\"wp-block-column is-vertically-aligned-center is-layout-flow wp-block-column-is-layout-flow\" style=\"flex-basis:40%\">\n<h3 class=\"wp-block-heading has-text-align-center is-style-asterisk has-x-large-font-size\">Ingenieur \/ Bachelor&nbsp;\/ Techniker (m\/w\/d)<\/h3>\n\n\n\n<ul style=\"line-height:1.75\" class=\"wp-block-list is-style-checkmark-list\">\n<li>Du kannst Siemens-Steuerungen programmieren?<\/li>\n\n\n\n<li>Du kennst dich mit Scada-Sytemen aus? <\/li>\n\n\n\n<li>Du willst das, was du programmiert hast, auch selbst in Betrieb nehmen?<\/li>\n\n\n\n<li>Oder Du kennst dich aus im VOB-Recht und willst uns im Bereich Planung und Projektleitung unterst\u00fctzen?<\/li>\n<\/ul>\n\n\n\n<p>Dann bewirb dich jetzt<\/p>\n<\/div>\n\n\n\n<div class=\"wp-block-column is-layout-flow wp-block-column-is-layout-flow\" style=\"flex-basis:50%\">\n<figure class=\"wp-block-image size-large is-style-rounded is-style-rounded--2\"><img loading=\"lazy\" decoding=\"async\" width=\"1024\" height=\"658\" src=\"https:\/\/www.stute-schmidt.de\/wp-content\/uploads\/2024\/05\/SA_Elektroniker-1024x658.png\" alt=\"\" class=\"wp-image-53\" srcset=\"https:\/\/www.stute-schmidt.de\/wp-content\/uploads\/2024\/05\/SA_Elektroniker-1024x658.png 1024w, https:\/\/www.stute-schmidt.de\/wp-content\/uploads\/2024\/05\/SA_Elektroniker-300x193.png 300w, https:\/\/www.stute-schmidt.de\/wp-content\/uploads\/2024\/05\/SA_Elektroniker-768x493.png 768w, https:\/\/www.stute-schmidt.de\/wp-content\/uploads\/2024\/05\/SA_Elektroniker-1536x987.png 1536w, https:\/\/www.stute-schmidt.de\/wp-content\/uploads\/2024\/05\/SA_Elektroniker-2048x1316.png 2048w\" sizes=\"auto, (max-width: 1024px) 100vw, 1024px\" \/><\/figure>\n<\/div>\n<\/div>\n\n\n\n<div style=\"height:62px\" aria-hidden=\"true\" class=\"wp-block-spacer\"><\/div>\n<\/div>\n<\/div>\n\n\n\n<div class=\"wp-block-group alignfull has-base-2-background-color has-background has-global-padding is-layout-constrained wp-container-core-group-is-layout-669513ed wp-block-group-is-layout-constrained\" style=\"margin-top:0;margin-bottom:0;padding-top:var(--wp--preset--spacing--50);padding-right:var(--wp--preset--spacing--50);padding-bottom:var(--wp--preset--spacing--50);padding-left:var(--wp--preset--spacing--50)\">\n<div class=\"wp-block-group is-vertical is-content-justification-center is-layout-flex wp-container-core-group-is-layout-52b864f0 wp-block-group-is-layout-flex\">\n<h2 class=\"wp-block-heading has-text-align-center is-style-asterisk\">Das bieten wir<\/h2>\n\n\n\n<div style=\"height:0px\" aria-hidden=\"true\" class=\"wp-block-spacer wp-container-content-4f2ccadb\"><\/div>\n\n\n\n<p class=\"has-text-align-center\">+ Leistungsgerechte Verg\u00fctung<\/p>\n\n\n\n<p>+ Betriebliche Gesundheits- und Altersvorsorge<\/p>\n\n\n\n<p>+ 4 oder 5 Tagewoche<\/p>\n\n\n\n<p>+ Option auf (Wunsch-) Firmenwagen mit Privatnutzung <\/p>\n\n\n\n<p class=\"has-text-align-center\">+ Eine partnerschaftliche und offene Unternehmenskultur mit kurzen Entscheidungswegen<\/p>\n<\/div>\n\n\n\n<div style=\"margin-top:0;margin-bottom:0;height:var(--wp--preset--spacing--40)\" aria-hidden=\"true\" class=\"wp-block-spacer\"><\/div>\n\n\n\n<div style=\"height:var(--wp--preset--spacing--20)\" aria-hidden=\"true\" class=\"wp-block-spacer\"><\/div>\n<\/div>\n\n\n\n<div class=\"wp-block-group alignfull has-base-color has-contrast-background-color has-text-color has-background has-global-padding is-layout-constrained wp-container-core-group-is-layout-ef3d885c wp-block-group-is-layout-constrained\" style=\"margin-top:0;margin-bottom:0;padding-top:var(--wp--preset--spacing--60);padding-right:var(--wp--preset--spacing--60);padding-bottom:var(--wp--preset--spacing--60);padding-left:var(--wp--preset--spacing--60)\">\n<div class=\"wp-block-group has-global-padding is-layout-constrained wp-block-group-is-layout-constrained\">\n<p class=\"has-text-align-center has-base-color has-text-color has-heading-font-family has-x-large-font-size\" style=\"line-height:1.2\"><em>Interesse<\/em>?<\/p>\n\n\n\n<div style=\"height:var(--wp--preset--spacing--10)\" aria-hidden=\"true\" class=\"wp-block-spacer\"><\/div>\n\n\n\n<div class=\"wp-block-group is-vertical is-content-justification-center is-nowrap is-layout-flex wp-container-core-group-is-layout-2dc08cea wp-block-group-is-layout-flex\">\n\n\n<p class=\"has-text-align-center\" style=\"margin-top:var(--wp--preset--spacing--10);margin-bottom:0\">Bewirb Dich jetz!<\/p>\n\n\n\n<p class=\"has-text-align-center has-contrast-3-color has-text-color has-small-font-size\" style=\"font-style:normal;font-weight:300\">per E-Mail an: Bewerbung@Stute-Schmidt.de<\/p>\n<\/div>\n<\/div>\n<\/div>\n\n\n\n<div class=\"wp-block-group alignfull has-global-padding is-layout-constrained wp-container-core-group-is-layout-d89aad35 wp-block-group-is-layout-constrained\" style=\"margin-top:0;margin-bottom:0;padding-top:var(--wp--preset--spacing--50);padding-right:var(--wp--preset--spacing--50);padding-bottom:var(--wp--preset--spacing--50);padding-left:var(--wp--preset--spacing--50)\">\n<h2 class=\"wp-block-heading alignwide has-x-large-font-size\" style=\"margin-top:0;margin-bottom:var(--wp--preset--spacing--40);line-height:1\">\u00abAlle sagten: das geht nicht. Dann kam einer, der wusste das nicht und hat\u2019s einfach gemacht.\u00bb (Autor unbekannt)<\/h2>\n\n\n\n<div class=\"wp-block-group alignwide has-global-padding is-layout-constrained wp-block-group-is-layout-constrained\">\n<div class=\"wp-block-query alignwide is-layout-flow wp-block-query-is-layout-flow\"><ul class=\"wp-block-post-template is-layout-flow wp-block-post-template-is-layout-flow\"><li class=\"wp-block-post post-1 post type-post status-publish format-standard hentry category-allgemein\">\n\n<hr class=\"wp-block-separator has-text-color has-contrast-3-color has-alpha-channel-opacity has-contrast-3-background-color has-background alignwide is-style-wide\"\/>\n\n\n\n<div class=\"wp-block-columns alignwide are-vertically-aligned-center is-layout-flex wp-container-core-columns-is-layout-33233fb6 wp-block-columns-is-layout-flex\" style=\"margin-top:var(--wp--preset--spacing--20);margin-bottom:var(--wp--preset--spacing--20)\">\n<div class=\"wp-block-column is-vertically-aligned-center is-layout-flow wp-block-column-is-layout-flow\" style=\"flex-basis:72%\"><h2 style=\"font-size:clamp(0.984rem, 0.984rem + ((1vw - 0.2rem) * 0.86), 1.5rem);line-height:1.1;\" class=\"wp-block-post-title\"><a href=\"https:\/\/www.stute-schmidt.de\/index.php\/2024\/05\/11\/hallo-welt\/\" target=\"_self\" >&#8222;Keiner von uns ist so klug wie wir alle.&#8220; &#8211; Ken Blanchard<\/a><\/h2><\/div>\n\n\n\n<div class=\"wp-block-column is-vertically-aligned-center is-layout-flow wp-block-column-is-layout-flow\" style=\"flex-basis:28%\"><div class=\"wp-block-template-part\">\n\n<div class=\"wp-block-group has-global-padding is-layout-constrained wp-block-group-is-layout-constrained\">\n\t\n\t<div class=\"wp-block-group is-content-justification-left is-layout-flex wp-container-core-group-is-layout-dfe8e91f wp-block-group-is-layout-flex\">\n\t\t<div class=\"wp-block-post-date\"><time datetime=\"2024-05-11T09:15:56+02:00\"><a href=\"https:\/\/www.stute-schmidt.de\/index.php\/2024\/05\/11\/hallo-welt\/\">Mai 11, 2024<\/a><\/time><\/div>\n\n\t\t\n\t\t<p class=\"has-contrast-2-color has-text-color\">\u2014<\/p>\n\t\t\n\n\t\t\n\t\t<p class=\"has-small-font-size has-contrast-2-color has-text-color\">von<\/p>\n\t\t\n\n\t\t<div class=\"wp-block-post-author-name\"><a href=\"https:\/\/www.stute-schmidt.de\/index.php\/author\/ifaadmwp2024\/\" target=\"_self\" class=\"wp-block-post-author-name__link\">Andreas<\/a><\/div>\n\n\t\t<div class=\"taxonomy-category wp-block-post-terms\"><span class=\"wp-block-post-terms__prefix\">in <\/span><a href=\"https:\/\/www.stute-schmidt.de\/index.php\/category\/allgemein\/\" rel=\"tag\">Allgemein<\/a><\/div>\n\n\t<\/div>\n\t\n<\/div>\n\n\n<\/div><\/div>\n<\/div>\n\n<\/li><\/ul>\n\n\n<div style=\"height:var(--wp--preset--spacing--30)\" aria-hidden=\"true\" class=\"wp-block-spacer\"><\/div>\n\n\n\n\n<\/div>\n<\/div>\n<\/div>\n\n\n\n<div class=\"wp-block-group alignfull has-global-padding is-layout-constrained wp-container-core-group-is-layout-d89aad35 wp-block-group-is-layout-constrained\" style=\"margin-top:0;margin-bottom:0;padding-top:var(--wp--preset--spacing--50);padding-right:var(--wp--preset--spacing--50);padding-bottom:var(--wp--preset--spacing--50);padding-left:var(--wp--preset--spacing--50)\"><\/div>\n","protected":false},"excerpt":{"rendered":"<p>Als spezialisiertes Unternehmen im Ver- und Entsorgungsbereich suchen wir Verst\u00e4rkung f\u00fcr verschiedene Aufgaben. Wir sind \u00fcberwiegend regional, teilweise bundesweit T\u00e4tig. Das hei\u00dft f\u00fcr Dich: Keine Auslandseins\u00e4tze und (meistens) zum Feierabend bei der Familie. Elektroniker Betriebstechnik (m\/w\/d) Deine Aufgaben Als Teil eines engagierten Teams \u00fcbernimmst du den Bau von Schaltanlagen, die Installation Vor-Ort und die Unterst\u00fctzung [&hellip;]<\/p>\n","protected":false},"author":1,"featured_media":0,"parent":0,"menu_order":0,"comment_status":"closed","ping_status":"closed","template":"","meta":{"footnotes":""},"class_list":["post-27","page","type-page","status-publish","hentry"],"_links":{"self":[{"href":"https:\/\/www.stute-schmidt.de\/index.php\/wp-json\/wp\/v2\/pages\/27","targetHints":{"allow":["GET"]}}],"collection":[{"href":"https:\/\/www.stute-schmidt.de\/index.php\/wp-json\/wp\/v2\/pages"}],"about":[{"href":"https:\/\/www.stute-schmidt.de\/index.php\/wp-json\/wp\/v2\/types\/page"}],"author":[{"embeddable":true,"href":"https:\/\/www.stute-schmidt.de\/index.php\/wp-json\/wp\/v2\/users\/1"}],"replies":[{"embeddable":true,"href":"https:\/\/www.stute-schmidt.de\/index.php\/wp-json\/wp\/v2\/comments?post=27"}],"version-history":[{"count":10,"href":"https:\/\/www.stute-schmidt.de\/index.php\/wp-json\/wp\/v2\/pages\/27\/revisions"}],"predecessor-version":[{"id":113,"href":"https:\/\/www.stute-schmidt.de\/index.php\/wp-json\/wp\/v2\/pages\/27\/revisions\/113"}],"wp:attachment":[{"href":"https:\/\/www.stute-schmidt.de\/index.php\/wp-json\/wp\/v2\/media?parent=27"}],"curies":[{"name":"wp","href":"https:\/\/api.w.org\/{rel}","templated":true}]}}