{"id":31,"date":"2024-05-11T11:26:05","date_gmt":"2024-05-11T09:26:05","guid":{"rendered":"https:\/\/www.stute-schmidt.de\/?page_id=31"},"modified":"2024-05-25T12:32:17","modified_gmt":"2024-05-25T10:32:17","slug":"geschichte","status":"publish","type":"page","link":"https:\/\/www.stute-schmidt.de\/index.php\/geschichte\/","title":{"rendered":"Geschichte"},"content":{"rendered":"\n<h1 class=\"wp-block-heading has-text-align-center has-x-large-font-size\">Engagement f\u00fcr Innovation und Nachhaltigkeit<\/h1>\n\n\n\n<div class=\"wp-block-group has-global-padding is-layout-constrained wp-container-core-group-is-layout-650790e1 wp-block-group-is-layout-constrained\">\n<div style=\"height:1.25rem\" aria-hidden=\"true\" class=\"wp-block-spacer\"><\/div>\n\n\n\n<p class=\"has-text-align-center\">Vor 30 Jahren habe ich als Einzelk\u00e4mpfer im Bereich SPS-Programmierung angefangen. Im laufe der Jahre sind dann die ersten Programmierer-Kollegen dazugekommen. In dieser Zeit haben wir als Subunternehmer f\u00fcr Maschinen- und Schaltanlagenbauer gearbeitet.<br>Durch Insolvenzen von Kunden und andere Umst\u00e4nde haben wir uns dann im laufe der Jahre weiter Entwickelt und bieten unseren Kunden jetzt Komplettl\u00f6sungen an. <\/p>\n\n\n\n<p class=\"has-text-align-center\">Unsere Kunden sind jetzt \u00fcberwiegend Abwasserverb\u00e4nde und Stadtwerke.<\/p>\n\n\n\n<p class=\"has-text-align-center\">Wir automatisieren f\u00fcr bessere Luft und f\u00fcr besseres Wasser<\/p>\n\n\n\n<div style=\"height:1.25rem\" aria-hidden=\"true\" class=\"wp-block-spacer\"><\/div>\n<\/div>\n\n\n\n<div class=\"wp-block-group alignfull has-global-padding is-layout-constrained wp-container-core-group-is-layout-490fa1db wp-block-group-is-layout-constrained\" style=\"padding-top:var(--wp--preset--spacing--50);padding-right:var(--wp--preset--spacing--50);padding-bottom:var(--wp--preset--spacing--50);padding-left:var(--wp--preset--spacing--50)\">\n<div style=\"height:var(--wp--preset--spacing--30)\" aria-hidden=\"true\" class=\"wp-block-spacer\"><\/div>\n\n\n\n<figure class=\"wp-block-image alignwide size-full is-style-rounded is-style-rounded--1\"><img loading=\"lazy\" decoding=\"async\" width=\"2560\" height=\"1751\" src=\"https:\/\/www.stute-schmidt.de\/wp-content\/uploads\/2024\/05\/ARA_Soers_Faulung_3-scaled.jpg\" alt=\"\" class=\"wp-image-65\" srcset=\"https:\/\/www.stute-schmidt.de\/wp-content\/uploads\/2024\/05\/ARA_Soers_Faulung_3-scaled.jpg 2560w, https:\/\/www.stute-schmidt.de\/wp-content\/uploads\/2024\/05\/ARA_Soers_Faulung_3-300x205.jpg 300w, https:\/\/www.stute-schmidt.de\/wp-content\/uploads\/2024\/05\/ARA_Soers_Faulung_3-1024x700.jpg 1024w, https:\/\/www.stute-schmidt.de\/wp-content\/uploads\/2024\/05\/ARA_Soers_Faulung_3-768x525.jpg 768w, https:\/\/www.stute-schmidt.de\/wp-content\/uploads\/2024\/05\/ARA_Soers_Faulung_3-1536x1050.jpg 1536w, https:\/\/www.stute-schmidt.de\/wp-content\/uploads\/2024\/05\/ARA_Soers_Faulung_3-2048x1400.jpg 2048w\" sizes=\"auto, (max-width: 2560px) 100vw, 2560px\" \/><figcaption class=\"wp-element-caption\">PFU ScanSnap Manager 01<\/figcaption><\/figure>\n<\/div>\n\n\n\n<div class=\"wp-block-group alignfull has-base-2-background-color has-background has-global-padding is-layout-constrained wp-container-core-group-is-layout-669513ed wp-block-group-is-layout-constrained\" style=\"margin-top:0;margin-bottom:0;padding-top:var(--wp--preset--spacing--50);padding-right:var(--wp--preset--spacing--50);padding-bottom:var(--wp--preset--spacing--50);padding-left:var(--wp--preset--spacing--50)\">\n<div class=\"wp-block-group is-vertical is-content-justification-center is-layout-flex wp-container-core-group-is-layout-52b864f0 wp-block-group-is-layout-flex\">\n<h2 class=\"wp-block-heading has-text-align-center is-style-asterisk\">Die Leidenschaft ist nie verloren gegangen<\/h2>\n\n\n\n<div style=\"height:0px\" aria-hidden=\"true\" class=\"wp-block-spacer wp-container-content-4f2ccadb\"><\/div>\n\n\n\n<p class=\"has-text-align-center\">Auch wenn unser Team jetzt etwas gr\u00f6\u00dfer ist, so sind doch immer noch alle mit dem Herzen bei der Sache. <br>Jeder f\u00fcr sich ein Experte &#8211; Alle zusammen ein Team.<\/p>\n<\/div>\n\n\n\n<div style=\"margin-top:0;margin-bottom:0;height:var(--wp--preset--spacing--40)\" aria-hidden=\"true\" class=\"wp-block-spacer\"><\/div>\n\n\n\n<div class=\"wp-block-columns alignwide is-layout-flex wp-container-core-columns-is-layout-d0bbbce0 wp-block-columns-is-layout-flex\">\n<div class=\"wp-block-column is-layout-flow wp-container-core-column-is-layout-e3d1c41b wp-block-column-is-layout-flow\">\n<h3 class=\"wp-block-heading has-text-align-left is-style-asterisk has-body-font-family has-medium-font-size\" style=\"font-style:normal;font-weight:600\">Beratung<\/h3>\n\n\n\n<p class=\"has-text-align-left\">Analyse von Bestandsanlagen, Empfehlungen f\u00fcr Instandsetzungen und Sanierungen, bis zur fertigen Ausschreibung<\/p>\n<\/div>\n\n\n\n<div class=\"wp-block-column is-layout-flow wp-container-core-column-is-layout-e3d1c41b wp-block-column-is-layout-flow\">\n<h3 class=\"wp-block-heading has-text-align-left is-style-asterisk has-body-font-family has-medium-font-size\" style=\"font-style:normal;font-weight:600\">Erneuerung und Instandsetzung<\/h3>\n\n\n\n<p class=\"has-text-align-left\">Fehlersuche und Instandsetzung in Bestandsanlagen? Erneuerung von Schaltschr\u00e4nken? Erneuerung von Schaltanlagen? Bei uns sind Sie richtig<\/p>\n<\/div>\n\n\n\n<div class=\"wp-block-column is-layout-flow wp-container-core-column-is-layout-e3d1c41b wp-block-column-is-layout-flow\">\n<h3 class=\"wp-block-heading has-text-align-left is-style-asterisk has-body-font-family has-medium-font-size\" style=\"font-style:normal;font-weight:600\">Engineering<\/h3>\n\n\n\n<p class=\"has-text-align-left\">Erlebe die Verschmelzung von Fantasie und Fachwissen mit \u00c9tudes Architektonische L\u00f6sungen.<\/p>\n<\/div>\n<\/div>\n\n\n\n<div style=\"height:var(--wp--preset--spacing--20)\" aria-hidden=\"true\" class=\"wp-block-spacer\"><\/div>\n\n\n\n<div class=\"wp-block-columns alignwide is-layout-flex wp-container-core-columns-is-layout-d0bbbce0 wp-block-columns-is-layout-flex\">\n<div class=\"wp-block-column is-layout-flow wp-container-core-column-is-layout-e3d1c41b wp-block-column-is-layout-flow\">\n<h3 class=\"wp-block-heading has-text-align-left is-style-asterisk has-body-font-family has-medium-font-size\" style=\"font-style:normal;font-weight:600\">Programmierung<\/h3>\n\n\n\n<p class=\"has-text-align-left\">Wir erstellen Programme f\u00fcr SPS-Steuerungen und Prozessleitsysteme. Unter anderem kommen hier Systeme z.B. von Siemens wie das WINCC oder das Prozessleitsystem PCS7 zum Einsatz<\/p>\n<\/div>\n\n\n\n<div class=\"wp-block-column is-layout-flow wp-container-core-column-is-layout-e3d1c41b wp-block-column-is-layout-flow\">\n<h3 class=\"wp-block-heading has-text-align-left is-style-asterisk has-body-font-family has-medium-font-size\" style=\"font-style:normal;font-weight:600\">Inbetriebnahme<\/h3>\n\n\n\n<p class=\"has-text-align-left\">Wir errichten betriebsfertige Anlagen. Von der Schaltschrankerstellung \u00fcber die Installation bis zur Inbetriebnahme der Anlage. Alles aus einer Hand<\/p>\n<\/div>\n\n\n\n<div class=\"wp-block-column is-layout-flow wp-container-core-column-is-layout-e3d1c41b wp-block-column-is-layout-flow\">\n<h3 class=\"wp-block-heading has-text-align-left is-style-asterisk has-body-font-family has-medium-font-size\" style=\"font-style:normal;font-weight:600\">Fortlaufender Support<\/h3>\n\n\n\n<p class=\"has-text-align-left\">Betreuung unserer Kunden auch nach Abschluss eines Projektes.<br>Online und Vor-Ort<\/p>\n<\/div>\n<\/div>\n<\/div>\n\n\n\n<div class=\"wp-block-group alignfull has-global-padding is-layout-constrained wp-container-core-group-is-layout-d89aad35 wp-block-group-is-layout-constrained\" style=\"margin-top:0;margin-bottom:0;padding-top:var(--wp--preset--spacing--50);padding-right:var(--wp--preset--spacing--50);padding-bottom:var(--wp--preset--spacing--50);padding-left:var(--wp--preset--spacing--50)\">\n<div class=\"wp-block-group alignwide has-global-padding is-layout-constrained wp-block-group-is-layout-constrained\">\n<div class=\"wp-block-query alignwide is-layout-flow wp-block-query-is-layout-flow\">\n\n\n<div style=\"height:var(--wp--preset--spacing--30)\" aria-hidden=\"true\" class=\"wp-block-spacer\"><\/div>\n\n\n\n\n<div class=\"wp-block-query-no-results\">\n\n<p>Es wurden keine Beitr\u00e4ge gefunden.<\/p>\n\n<\/div><\/div>\n<\/div>\n<\/div>\n","protected":false},"excerpt":{"rendered":"<p>Engagement f\u00fcr Innovation und Nachhaltigkeit Vor 30 Jahren habe ich als Einzelk\u00e4mpfer im Bereich SPS-Programmierung angefangen. Im laufe der Jahre sind dann die ersten Programmierer-Kollegen dazugekommen. In dieser Zeit haben wir als Subunternehmer f\u00fcr Maschinen- und Schaltanlagenbauer gearbeitet.Durch Insolvenzen von Kunden und andere Umst\u00e4nde haben wir uns dann im laufe der Jahre weiter Entwickelt und [&hellip;]<\/p>\n","protected":false},"author":1,"featured_media":0,"parent":0,"menu_order":0,"comment_status":"closed","ping_status":"closed","template":"","meta":{"footnotes":""},"class_list":["post-31","page","type-page","status-publish","hentry"],"_links":{"self":[{"href":"https:\/\/www.stute-schmidt.de\/index.php\/wp-json\/wp\/v2\/pages\/31","targetHints":{"allow":["GET"]}}],"collection":[{"href":"https:\/\/www.stute-schmidt.de\/index.php\/wp-json\/wp\/v2\/pages"}],"about":[{"href":"https:\/\/www.stute-schmidt.de\/index.php\/wp-json\/wp\/v2\/types\/page"}],"author":[{"embeddable":true,"href":"https:\/\/www.stute-schmidt.de\/index.php\/wp-json\/wp\/v2\/users\/1"}],"replies":[{"embeddable":true,"href":"https:\/\/www.stute-schmidt.de\/index.php\/wp-json\/wp\/v2\/comments?post=31"}],"version-history":[{"count":5,"href":"https:\/\/www.stute-schmidt.de\/index.php\/wp-json\/wp\/v2\/pages\/31\/revisions"}],"predecessor-version":[{"id":92,"href":"https:\/\/www.stute-schmidt.de\/index.php\/wp-json\/wp\/v2\/pages\/31\/revisions\/92"}],"wp:attachment":[{"href":"https:\/\/www.stute-schmidt.de\/index.php\/wp-json\/wp\/v2\/media?parent=31"}],"curies":[{"name":"wp","href":"https:\/\/api.w.org\/{rel}","templated":true}]}}